{"id":24,"date":"2023-02-20T11:56:55","date_gmt":"2023-02-20T11:56:55","guid":{"rendered":"https:\/\/dev.jbraucker.com\/trustventure\/?page_id=24"},"modified":"2023-07-27T14:34:30","modified_gmt":"2023-07-27T14:34:30","slug":"about-us","status":"publish","type":"page","link":"https:\/\/dev.jbraucker.com\/trustventure\/de\/about-us\/","title":{"rendered":"\u00dcber uns"},"content":{"rendered":"<p>[vc_row css=&#8221;.vc_custom_1681321664795{margin-bottom: 10rem !important;padding-top: 5rem !important;}&#8221;][vc_column width=&#8221;1\/6&#8243;][\/vc_column][vc_column width=&#8221;2\/3&#8243;][vc_column_text]<\/p>\n<h1 style=\"text-align: center;\">Ein Team voller Finanzexpertise &amp; <em>unternehmerischen Geist<\/em><\/h1>\n<p class=\"big\" style=\"text-align: center;\">Unser Team ist gepr\u00e4gt von einem <strong>diversen Hintergrund<\/strong> &#8211; von Erfahrungen im Bereich Start-ups \u00fcber Private-Equity bis hin zur Unternehmensberatung. Ein gemeinsamer Nenner verbindet uns: <strong>Eine ausgepr\u00e4gte Leidenschaft f\u00fcr Unternehmertum und eine starke Empathie f\u00fcr Risikotr\u00e4ger.<\/strong><\/p>\n<p>[\/vc_column_text][vc_row_inner el_class=&#8221;center&#8221; css=&#8221;.vc_custom_1687806978641{margin-bottom: 0px !important;}&#8221;][vc_column_inner]<a href=\"https:\/\/dev.jbraucker.com\/trustventure\/about-us\/team\/\" title=\"Team\" class=\"btn l  \">Unser Team<\/a><a href=\"https:\/\/dev.jbraucker.com\/trustventure\/about-us\/career\/\" title=\"Team\" class=\"btn l dark \">Karriere<\/a>[\/vc_column_inner][\/vc_row_inner][\/vc_column][vc_column width=&#8221;1\/6&#8243;][\/vc_column][\/vc_row][vc_row css=&#8221;.vc_custom_1681321629810{margin-bottom: 3rem !important;}&#8221;][vc_column][vc_single_image image=&#8221;1018&#8243; img_size=&#8221;full&#8221; alignment=&#8221;center&#8221;][\/vc_column][\/vc_row][vc_row el_class=&#8221;kachel-wrapper stat-wrapper&#8221;][vc_column]<div class=\"counter-wrapper\" style=\"text-align: center;\">\r\n                            <div class=\"counter\">\r\n                                \r\n                                <span class=\"number\">10<\/span>\r\n                                <span class=\"unit\">+<\/span>\r\n                            <\/div>\r\n                            <span class=\"label\">Team Mitglieder<\/span>\r\n                        <\/div><div class=\"counter-wrapper\" style=\"text-align: center;\">\r\n                            <div class=\"counter\">\r\n                                \r\n                                <span class=\"number\">60<\/span>\r\n                                <span class=\"unit\">+<\/span>\r\n                            <\/div>\r\n                            <span class=\"label\">Kundenprojekte seit 2020<\/span>\r\n                        <\/div><div class=\"counter-wrapper\" style=\"text-align: center;\">\r\n                            <div class=\"counter\">\r\n                                \r\n                                <span class=\"number\">3<\/span>\r\n                                \r\n                            <\/div>\r\n                            <span class=\"label\">Standorte in London, Berlin und K\u00f6ln<\/span>\r\n                        <\/div><div class=\"counter-wrapper\" style=\"text-align: center;\">\r\n                            <div class=\"counter\">\r\n                                \r\n                                <span class=\"number\">100<\/span>\r\n                                <span class=\"unit\">%<\/span>\r\n                            <\/div>\r\n                            <span class=\"label\">Einsatz. Immer nur eine Nachricht entfernt.<\/span>\r\n                        <\/div>[\/vc_column][\/vc_row][vc_row css=&#8221;.vc_custom_1681398251913{margin-bottom: 5rem !important;}&#8221;][vc_column width=&#8221;1\/6&#8243;][\/vc_column][vc_column width=&#8221;2\/3&#8243;][vc_column_text]<\/p>\n<h2 style=\"text-align: center;\">Was uns auszeichnet<\/h2>\n<p style=\"text-align: center;\">Wir sind f\u00fcr unsere Kunden wie ein Schweizer Taschenmesser, das <strong>operative Kompetenz im Finanzbereich<\/strong> mit einem <strong>tiefen Verst\u00e4ndnis der Venture Capital-Branche<\/strong> verbindet. Unser Anspruch ist es, ein vertrauensvoller Partner zu sein, bei dem der <strong>Erfolg unserer Kunden stets im Vordergrund steht<\/strong>.<\/p>\n<p>[\/vc_column_text][\/vc_column][vc_column width=&#8221;1\/6&#8243;][\/vc_column][\/vc_row][vc_row equal_height=&#8221;yes&#8221; css=&#8221;.vc_custom_1681553539988{margin-bottom: 0px !important;}&#8221;][vc_column width=&#8221;1\/2&#8243; el_class=&#8221;full-height&#8221; css=&#8221;.vc_custom_1681553486915{margin-bottom: 3rem !important;}&#8221;]<div class=\"ico-card\">\r\n                        <span class=\"card-img\" style=\"background: url(https:\/\/dev.jbraucker.com\/trustventure\/wp-content\/uploads\/2023\/04\/icon_transaction.svg) no-repeat center\/2.5rem, linear-gradient(97.41deg, rgba(245, 245, 245, 0.64) 0.51%, rgba(255, 255, 255, 0.19) 103.77%), linear-gradient(91.82deg, rgba(248, 245, 240, 0.69) 3.58%, rgba(255, 255, 255, 0.29) 80.79%);\"><\/span>\r\n                        <div class=\"card-txt\">\r\n                            <h4>Transaktionsorientiert<\/h4>\r\n                            <span>Durch zahlreiche Fundraising- und M&amp;A-Transaktionen im Venture-Umfeld sind wir mit den Mechanismen und typischen H\u00fcrden bestens vertraut.<\/span>\r\n                        <\/div>\r\n                    <\/div>[\/vc_column][vc_column width=&#8221;1\/2&#8243; el_class=&#8221;full-height&#8221; css=&#8221;.vc_custom_1681553496538{margin-bottom: 3rem !important;}&#8221;]<div class=\"ico-card\">\r\n                        <span class=\"card-img\" style=\"background: url(https:\/\/dev.jbraucker.com\/trustventure\/wp-content\/uploads\/2023\/04\/icon-clients.svg) no-repeat center\/2.5rem, linear-gradient(97.41deg, rgba(245, 245, 245, 0.64) 0.51%, rgba(255, 255, 255, 0.19) 103.77%), linear-gradient(91.82deg, rgba(248, 245, 240, 0.69) 3.58%, rgba(255, 255, 255, 0.29) 80.79%);\"><\/span>\r\n                        <div class=\"card-txt\">\r\n                            <h4>Mandanten zuerst<\/h4>\r\n                            <span>Wir stellen das Interesse unserer Mandanten jederzeit in den Vordergrund und vertreten sie in jedem Fall bestm\u00f6glich.<\/span>\r\n                        <\/div>\r\n                    <\/div>[\/vc_column][\/vc_row][vc_row equal_height=&#8221;yes&#8221; css=&#8221;.vc_custom_1681553543505{margin-bottom: 0px !important;}&#8221;][vc_column width=&#8221;1\/2&#8243; el_class=&#8221;full-height&#8221; css=&#8221;.vc_custom_1681553500566{margin-bottom: 3rem !important;}&#8221;]<div class=\"ico-card\">\r\n                        <span class=\"card-img\" style=\"background: url(https:\/\/dev.jbraucker.com\/trustventure\/wp-content\/uploads\/2023\/04\/icon-operators.svg) no-repeat center\/2.5rem, linear-gradient(97.41deg, rgba(245, 245, 245, 0.64) 0.51%, rgba(255, 255, 255, 0.19) 103.77%), linear-gradient(91.82deg, rgba(248, 245, 240, 0.69) 3.58%, rgba(255, 255, 255, 0.29) 80.79%);\"><\/span>\r\n                        <div class=\"card-txt\">\r\n                            <h4>Operators at heart<\/h4>\r\n                            <span>Wir sind Experten und stets auf Leistung und Wertsch\u00f6pfung ausgerichtet. F\u00fcr uns ist es nicht mit PowerPoint-Pr\u00e4sentationen und Excel-Tabellen getan.<\/span>\r\n                        <\/div>\r\n                    <\/div>[\/vc_column][vc_column width=&#8221;1\/2&#8243; el_class=&#8221;full-height&#8221; css=&#8221;.vc_custom_1681553506522{margin-bottom: 3rem !important;}&#8221;]<div class=\"ico-card\">\r\n                        <span class=\"card-img\" style=\"background: url(https:\/\/dev.jbraucker.com\/trustventure\/wp-content\/uploads\/2023\/04\/icon-question.svg) no-repeat center\/2.5rem, linear-gradient(97.41deg, rgba(245, 245, 245, 0.64) 0.51%, rgba(255, 255, 255, 0.19) 103.77%), linear-gradient(91.82deg, rgba(248, 245, 240, 0.69) 3.58%, rgba(255, 255, 255, 0.29) 80.79%);\"><\/span>\r\n                        <div class=\"card-txt\">\r\n                            <h4>Kritische Grundhaltung<\/h4>\r\n                            <span>Eine kritische Haltung ist tief in unserer DNA verwurzelt. Wir stellen den Status quo st\u00e4ndig in Frage, um die gr\u00f6\u00dftm\u00f6gliche Wirkung zu erzielen.<\/span>\r\n                        <\/div>\r\n                    <\/div>[\/vc_column][\/vc_row][vc_row equal_height=&#8221;yes&#8221;][vc_column width=&#8221;1\/2&#8243; el_class=&#8221;full-height&#8221; css=&#8221;.vc_custom_1681553509829{margin-bottom: 3rem !important;}&#8221;]<div class=\"ico-card\">\r\n                        <span class=\"card-img\" style=\"background: url(https:\/\/dev.jbraucker.com\/trustventure\/wp-content\/uploads\/2023\/04\/icon-time.svg) no-repeat center\/2.5rem, linear-gradient(97.41deg, rgba(245, 245, 245, 0.64) 0.51%, rgba(255, 255, 255, 0.19) 103.77%), linear-gradient(91.82deg, rgba(248, 245, 240, 0.69) 3.58%, rgba(255, 255, 255, 0.29) 80.79%);\"><\/span>\r\n                        <div class=\"card-txt\">\r\n                            <h4>Langfristige Partner<\/h4>\r\n                            <span>Langfristige Zusammenarbeit ist f\u00fcr uns die Norm. Unser Ziel ist es, den Wert f\u00fcr unsere Kunden weit \u00fcber die Transaktion hinaus zu steigern.<\/span>\r\n                        <\/div>\r\n                    <\/div>[\/vc_column][vc_column width=&#8221;1\/2&#8243; el_class=&#8221;full-height&#8221; css=&#8221;.vc_custom_1681553512957{margin-bottom: 3rem !important;}&#8221;]<div class=\"ico-card\">\r\n                        <span class=\"card-img\" style=\"background: url(https:\/\/dev.jbraucker.com\/trustventure\/wp-content\/uploads\/2023\/04\/icon-bulb.svg) no-repeat center\/2.5rem, linear-gradient(97.41deg, rgba(245, 245, 245, 0.64) 0.51%, rgba(255, 255, 255, 0.19) 103.77%), linear-gradient(91.82deg, rgba(248, 245, 240, 0.69) 3.58%, rgba(255, 255, 255, 0.29) 80.79%);\"><\/span>\r\n                        <div class=\"card-txt\">\r\n                            <h4>Fokus auf Innovation<\/h4>\r\n                            <span>Wir arbeiten mit hochinnovativen Unternehmen zusammen, unabh\u00e4ngig von Branche und Herkunft.<\/span>\r\n                        <\/div>\r\n                    <\/div>[\/vc_column][\/vc_row][vc_row css=&#8221;.vc_custom_1683204746699{margin-bottom: 6rem !important;}&#8221;][vc_column][vc_column_text]<\/p>\n<h2 style=\"text-align: center;\">Das sagen unsere Mandanten<\/h2>\n<p>[\/vc_column_text][\/vc_column][\/vc_row][vc_row][vc_column]<div class=\"threeQuotes\">\r\n        <div class=\"quoteContainer\">\r\n            <div class=\"quote_content fCnt fAlgnCntr\">\r\n                <div class=\"quote_content_inner\">\r\n                    <span class=\"quote-icon\">\u201c<\/span>\r\n                    <p>Die Zusammenarbeit mit Trustventure gibt mir ein gutes Gef\u00fchl, weil ich wei\u00df, dass alle Finanzangelegenheiten auf die professionellste Art und Weise erledigt werden, ohne dass unser Gr\u00fcndungsteam den Fokus auf das organisatorische Wachstum verlieren muss.<\/p>\r\n                    <div class=\"source-wrapper\">    \r\n                    <img decoding=\"async\" src=\"https:\/\/dev.jbraucker.com\/trustventure\/wp-content\/uploads\/2023\/04\/FarhoudCheraghi.jpg\" alt=\"\"> \r\n                    <div class=\"source-title\">\r\n                    <span class=\"source\">Farhoud Cheraghi<\/span>\r\n                    <span class=\"source-title\">Co-Founder how.fm<\/span>\r\n                    <\/div>    \r\n                    <\/div>\r\n                <\/div>\r\n            <\/div>\r\n        <\/div>\r\n        <div class=\"quoteContainer\">\r\n            <div class=\"quote_content fCnt fAlgnCntr\">\r\n                <div class=\"quote_content_inner\">\r\n                    <span class=\"quote-icon\">\u201c<\/span>\r\n                    <p>Mit Trustventure haben wir einen professionellen Partner an unserer Seite, mit dem wir unsere Finanzprozesse gerade in der Wachstumsphase strategisch und strukturiert aufstellen k\u00f6nnen.<\/p>\r\n                    <div class=\"source-wrapper\">    \r\n                    <img decoding=\"async\" src=\"https:\/\/dev.jbraucker.com\/trustventure\/wp-content\/uploads\/2023\/04\/KjellOleBeckmann.jpg\" alt=\"\"> \r\n                    <div class=\"source-title\">\r\n                    <span class=\"source\">Kjell Ole Beckmann<\/span>\r\n                    <span class=\"source-title\">Managing Director REOS<\/span>\r\n                    <\/div>    \r\n                    <\/div>\r\n                <\/div>\r\n            <\/div>\r\n        <\/div>\r\n        <div class=\"quoteContainer\">\r\n            <div class=\"quote_content fCnt fAlgnCntr\">\r\n                <div class=\"quote_content_inner\">\r\n                    <span class=\"quote-icon\">\u201c<\/span>\r\n                    <p>Die Tools, die Trustventure f\u00fcr tenac.io entwickelt hat, sind super strukturiert und erm\u00f6glichen uns eine solide Planung f\u00fcr die Zukunft. Das Team entwickelt schnell und zuverl\u00e4ssig L\u00f6sungen, die den Anforderungen entsprechen und setzt alle unsere Ideen um.<\/p>\r\n                    <div class=\"source-wrapper\">    \r\n                    <img decoding=\"async\" src=\"https:\/\/dev.jbraucker.com\/trustventure\/wp-content\/uploads\/2023\/04\/Dr.GeorgvanHusen.jpg\" alt=\"\"> \r\n                    <div class=\"source-title\">\r\n                    <span class=\"source\">Dr. Georg van Husen<\/span>\r\n                    <span class=\"source-title\">Co-Founder tenac.io<\/span>\r\n                    <\/div>    \r\n                    <\/div>\r\n                <\/div>\r\n            <\/div>\r\n        <\/div>\r\n        <\/div>\r\n        [\/vc_column][\/vc_row][vc_row full_width=&#8221;stretch_row&#8221; css=&#8221;.vc_custom_1686645870441{padding-top: 4rem !important;padding-bottom: 2rem !important;background-color: #263148 !important;}&#8221;][vc_column width=&#8221;1\/2&#8243;][vc_column_text el_class=&#8221;max-width-600&#8243;]<\/p>\n<h2><span style=\"color: #ffffff;\">Werde Teil unseres Teams<\/span><\/h2>\n<p><span style=\"color: #ffffff;\">Wir sind immer auf der Suche nach Talenten, die sich bei uns einbringen und das Wachstum unserer Kunden und von Trustventure vorantreiben m\u00f6chten.<\/span><\/p>\n<p><span style=\"color: #ffffff;\">Wir bieten flache Hierarchien, eine kontinuierliche, steile Lernkurve sowie die \u00dcbernahme von Verantwortung schon in den ersten Tagen.<\/span>[\/vc_column_text]<a href=\"https:\/\/dev.jbraucker.com\/trustventure\/about-us\/career\/\" title=\"Career\" class=\"btn l accent \">Karriere<\/a>[\/vc_column][vc_column width=&#8221;1\/2&#8243;][vc_single_image image=&#8221;236&#8243; img_size=&#8221;full&#8221; style=&#8221;vc_box_rounded&#8221; css=&#8221;.vc_custom_1681321836301{border-radius: 15px !important;}&#8221;][\/vc_column][\/vc_row][vc_row][vc_column width=&#8221;1\/2&#8243; el_class=&#8221;desktop-border-right&#8221;][vc_column_text el_class=&#8221;max-width-600 center&#8221;]<\/p>\n<h3 style=\"text-align: center;\">Treten Sie in Kontakt<\/h3>\n<p style=\"text-align: center;\">Wir sind Partner der Mutigen und Ehrgeizigen. Nehmen Sie Kontakt mit uns auf und profitieren Sie von unseren vielf\u00e4ltigen Erfahrungen bei der Unterst\u00fctzung schnell wachsender Unternehmen.<\/p>\n<p>[\/vc_column_text]<a href=\"https:\/\/dev.jbraucker.com\/trustventure\/buchen-sie-einen-termin\/\" title=\"Buchen Sie einen Termin\" class=\"btn center  \">Einen Termin vereinbaren<\/a>[\/vc_column][vc_column width=&#8221;1\/2&#8243;][vc_column_text el_class=&#8221;max-width-600 center&#8221;]<\/p>\n<h3 style=\"text-align: center;\">Entdecken Sie mehr<\/h3>\n<p style=\"text-align: center;\">Werfen Sie einen Blick auf unsere Referenzen, Fallstudien, Marktanalysen und mehr!<\/p>\n<p>[\/vc_column_text]<a href=\"https:\/\/dev.jbraucker.com\/trustventure\/insights\/\" title=\"Insights\" class=\"btn center  \">Einblicke<\/a>[\/vc_column][\/vc_row]<\/p>\n","protected":false},"excerpt":{"rendered":"[vc_row css=&#8221;.vc_custom_1681321664795{margin-bottom: 10rem !important;padding-top: 5rem !important;}&#8221;][vc_column width=&#8221;1\/6&#8243;][\/vc_column][vc_column width=&#8221;2\/3&#8243;][vc_column_text] Ein Team voller Finanzexpertise &amp; unternehmerischen Geist Unser Team ist gepr\u00e4gt von einem diversen Hintergrund &#8211; von Erfahrungen im Bereich Start-ups \u00fcber Private-Equity bis hin zur Unternehmensberatung. Ein gemeinsamer Nenner verbindet uns: Eine ausgepr\u00e4gte Leidenschaft f\u00fcr Unternehmertum und eine starke Empathie f\u00fcr Risikotr\u00e4ger. [\/vc_column_text][vc_row_inner el_class=&#8221;center&#8221; css=&#8221;.vc_custom_1687806978641{margin-bottom: 0px&#8230;","protected":false},"author":1,"featured_media":0,"parent":0,"menu_order":0,"comment_status":"closed","ping_status":"closed","template":"","meta":{"inline_featured_image":false,"footnotes":""},"tags":[],"folder":[55],"class_list":["post-24","page","type-page","status-publish","hentry"],"acf":[],"_links":{"self":[{"href":"https:\/\/dev.jbraucker.com\/trustventure\/wp-json\/wp\/v2\/pages\/24","targetHints":{"allow":["GET"]}}],"collection":[{"href":"https:\/\/dev.jbraucker.com\/trustventure\/wp-json\/wp\/v2\/pages"}],"about":[{"href":"https:\/\/dev.jbraucker.com\/trustventure\/wp-json\/wp\/v2\/types\/page"}],"author":[{"embeddable":true,"href":"https:\/\/dev.jbraucker.com\/trustventure\/wp-json\/wp\/v2\/users\/1"}],"replies":[{"embeddable":true,"href":"https:\/\/dev.jbraucker.com\/trustventure\/wp-json\/wp\/v2\/comments?post=24"}],"version-history":[{"count":11,"href":"https:\/\/dev.jbraucker.com\/trustventure\/wp-json\/wp\/v2\/pages\/24\/revisions"}],"predecessor-version":[{"id":2777,"href":"https:\/\/dev.jbraucker.com\/trustventure\/wp-json\/wp\/v2\/pages\/24\/revisions\/2777"}],"wp:attachment":[{"href":"https:\/\/dev.jbraucker.com\/trustventure\/wp-json\/wp\/v2\/media?parent=24"}],"wp:term":[{"taxonomy":"post_tag","embeddable":true,"href":"https:\/\/dev.jbraucker.com\/trustventure\/wp-json\/wp\/v2\/tags?post=24"},{"taxonomy":"folder","embeddable":true,"href":"https:\/\/dev.jbraucker.com\/trustventure\/wp-json\/wp\/v2\/folder?post=24"}],"curies":[{"name":"wp","href":"https:\/\/api.w.org\/{rel}","templated":true}]}}