{"id":433,"date":"2023-04-21T09:45:29","date_gmt":"2023-04-21T09:45:29","guid":{"rendered":"https:\/\/dev.jbraucker.com\/trustventure\/?page_id=433"},"modified":"2023-09-13T11:07:01","modified_gmt":"2023-09-13T11:07:01","slug":"team-2","status":"publish","type":"page","link":"https:\/\/dev.jbraucker.com\/trustventure\/en\/about-us-2\/team-2\/","title":{"rendered":"Team"},"content":{"rendered":"<p>[vc_row css=&#8221;.vc_custom_1681321664795{margin-bottom: 10rem !important;padding-top: 5rem !important;}&#8221;][vc_column width=&#8221;1\/6&#8243;][\/vc_column][vc_column width=&#8221;2\/3&#8243;][vc_column_text]<\/p>\n<h1 style=\"text-align: center;\">Extensive <em>financial expertise<\/em>, and an unwavering <em>passion<\/em> for technology<\/h1>\n<p class=\"big\" style=\"text-align: center;\">Our team, specialized in finance and venture capital, drives innovation through long-term collaboration, and supports entrepreneurs in growing their companies.<\/p>\n<p>[\/vc_column_text]<a href=\"https:\/\/dev.jbraucker.com\/trustventure\/en\/contact\/#book\" title=\"Contact\" class=\"btn center  \">Contact us<\/a>[\/vc_column][vc_column width=&#8221;1\/6&#8243;][\/vc_column][\/vc_row][vc_row el_class=&#8221;circle-brown-bottom-left&#8221;][vc_column]<section class=\"team-wrapper\">\r\n                    <a href=\"https:\/\/dev.jbraucker.com\/trustventure\/en\/members\/lasse-huttebreucker\/\" class=\"team-card\">\r\n                        <span class=\"card-img\"><img decoding=\"async\" src=\"https:\/\/dev.jbraucker.com\/trustventure\/wp-content\/uploads\/2023\/04\/lasse-520x600.jpg\" alt=\"Lasse H\u00fcttebreucker\" title=\"Lasse H\u00fcttebreucker\"><\/span>\r\n                        <span class=\"card-txt\" style=\"max-width: 25rem; text-align: center; display: block;\">\r\n                            <h4 style=\"margin-top: 1rem; margin-bottom: 0\">Lasse H\u00fcttebreucker<\/h4>\r\n                            <span class=\"team-title\">Co-Founder & Partner<\/span>\r\n                        <\/span>\r\n                    <\/a>\r\n        \r\n                    <a href=\"https:\/\/dev.jbraucker.com\/trustventure\/de\/members\/lasse-huettebreucker\/\" class=\"team-card\">\r\n                        <span class=\"card-img\"><img decoding=\"async\" src=\"https:\/\/dev.jbraucker.com\/trustventure\/wp-content\/uploads\/2023\/04\/lasse-520x600.jpg\" alt=\"Lasse H\u00fcttebreucker\" title=\"Lasse H\u00fcttebreucker\"><\/span>\r\n                        <span class=\"card-txt\" style=\"max-width: 25rem; text-align: center; display: block;\">\r\n                            <h4 style=\"margin-top: 1rem; margin-bottom: 0\">Lasse H\u00fcttebreucker<\/h4>\r\n                            <span class=\"team-title\">Co-Founder & Partner<\/span>\r\n                        <\/span>\r\n                    <\/a>\r\n        \r\n                    <a href=\"https:\/\/dev.jbraucker.com\/trustventure\/de\/members\/marlon-huettebreucker\/\" class=\"team-card\">\r\n                        <span class=\"card-img\"><img decoding=\"async\" src=\"https:\/\/dev.jbraucker.com\/trustventure\/wp-content\/uploads\/2023\/04\/Marlon-520x600.jpg\" alt=\"Marlon H\u00fcttebreucker\" title=\"Marlon H\u00fcttebreucker\"><\/span>\r\n                        <span class=\"card-txt\" style=\"max-width: 25rem; text-align: center; display: block;\">\r\n                            <h4 style=\"margin-top: 1rem; margin-bottom: 0\">Marlon H\u00fcttebreucker<\/h4>\r\n                            <span class=\"team-title\">Co-Founder & Partner<\/span>\r\n                        <\/span>\r\n                    <\/a>\r\n        \r\n                    <a href=\"https:\/\/dev.jbraucker.com\/trustventure\/en\/members\/marlon-huettebreucker-2\/\" class=\"team-card\">\r\n                        <span class=\"card-img\"><img decoding=\"async\" src=\"https:\/\/dev.jbraucker.com\/trustventure\/wp-content\/uploads\/2023\/04\/Marlon-520x600.jpg\" alt=\"Marlon H\u00fcttebreucker\" title=\"Marlon H\u00fcttebreucker\"><\/span>\r\n                        <span class=\"card-txt\" style=\"max-width: 25rem; text-align: center; display: block;\">\r\n                            <h4 style=\"margin-top: 1rem; margin-bottom: 0\">Marlon H\u00fcttebreucker<\/h4>\r\n                            <span class=\"team-title\">Co-Founder & Partner<\/span>\r\n                        <\/span>\r\n                    <\/a>\r\n        \r\n                    <a href=\"https:\/\/dev.jbraucker.com\/trustventure\/de\/members\/niklas-kahlert\/\" class=\"team-card\">\r\n                        <span class=\"card-img\"><img decoding=\"async\" src=\"https:\/\/dev.jbraucker.com\/trustventure\/wp-content\/uploads\/2023\/04\/trustventure_0010-520x600.jpg\" alt=\"Niklas Kahlert\" title=\"Niklas Kahlert\"><\/span>\r\n                        <span class=\"card-txt\" style=\"max-width: 25rem; text-align: center; display: block;\">\r\n                            <h4 style=\"margin-top: 1rem; margin-bottom: 0\">Niklas Kahlert<\/h4>\r\n                            <span class=\"team-title\">Consultant<\/span>\r\n                        <\/span>\r\n                    <\/a>\r\n        \r\n                    <a href=\"https:\/\/dev.jbraucker.com\/trustventure\/en\/members\/niklas-kahlert-2\/\" class=\"team-card\">\r\n                        <span class=\"card-img\"><img decoding=\"async\" src=\"https:\/\/dev.jbraucker.com\/trustventure\/wp-content\/uploads\/2023\/04\/trustventure_0010-520x600.jpg\" alt=\"Niklas Kahlert\" title=\"Niklas Kahlert\"><\/span>\r\n                        <span class=\"card-txt\" style=\"max-width: 25rem; text-align: center; display: block;\">\r\n                            <h4 style=\"margin-top: 1rem; margin-bottom: 0\">Niklas Kahlert<\/h4>\r\n                            <span class=\"team-title\">Consultant<\/span>\r\n                        <\/span>\r\n                    <\/a>\r\n        \r\n                    <a href=\"https:\/\/dev.jbraucker.com\/trustventure\/de\/members\/john-stamler\/\" class=\"team-card\">\r\n                        <span class=\"card-img\"><img decoding=\"async\" src=\"https:\/\/dev.jbraucker.com\/trustventure\/wp-content\/uploads\/2023\/04\/John-520x600.jpg\" alt=\"John Stamler\" title=\"John Stamler\"><\/span>\r\n                        <span class=\"card-txt\" style=\"max-width: 25rem; text-align: center; display: block;\">\r\n                            <h4 style=\"margin-top: 1rem; margin-bottom: 0\">John Stamler<\/h4>\r\n                            <span class=\"team-title\">Associate Partner<\/span>\r\n                        <\/span>\r\n                    <\/a>\r\n        \r\n                    <a href=\"https:\/\/dev.jbraucker.com\/trustventure\/en\/members\/john-stamler-2\/\" class=\"team-card\">\r\n                        <span class=\"card-img\"><img decoding=\"async\" src=\"https:\/\/dev.jbraucker.com\/trustventure\/wp-content\/uploads\/2023\/04\/John-520x600.jpg\" alt=\"John Stamler\" title=\"John Stamler\"><\/span>\r\n                        <span class=\"card-txt\" style=\"max-width: 25rem; text-align: center; display: block;\">\r\n                            <h4 style=\"margin-top: 1rem; margin-bottom: 0\">John Stamler<\/h4>\r\n                            <span class=\"team-title\">Associate Partner<\/span>\r\n                        <\/span>\r\n                    <\/a>\r\n        \r\n                    <a href=\"https:\/\/dev.jbraucker.com\/trustventure\/en\/members\/sebastian-rubenach\/\" class=\"team-card\">\r\n                        <span class=\"card-img\"><img decoding=\"async\" src=\"https:\/\/dev.jbraucker.com\/trustventure\/wp-content\/uploads\/2023\/04\/Sebastian-520x600.jpg\" alt=\"Sebastian R\u00fcbenach\" title=\"Sebastian R\u00fcbenach\"><\/span>\r\n                        <span class=\"card-txt\" style=\"max-width: 25rem; text-align: center; display: block;\">\r\n                            <h4 style=\"margin-top: 1rem; margin-bottom: 0\">Sebastian R\u00fcbenach<\/h4>\r\n                            <span class=\"team-title\"> Junior Consultant<\/span>\r\n                        <\/span>\r\n                    <\/a>\r\n        \r\n                    <a href=\"https:\/\/dev.jbraucker.com\/trustventure\/de\/members\/sebastian-ruebenach\/\" class=\"team-card\">\r\n                        <span class=\"card-img\"><img decoding=\"async\" src=\"https:\/\/dev.jbraucker.com\/trustventure\/wp-content\/uploads\/2023\/04\/Sebastian-520x600.jpg\" alt=\"Sebastian R\u00fcbenach\" title=\"Sebastian R\u00fcbenach\"><\/span>\r\n                        <span class=\"card-txt\" style=\"max-width: 25rem; text-align: center; display: block;\">\r\n                            <h4 style=\"margin-top: 1rem; margin-bottom: 0\">Sebastian R\u00fcbenach<\/h4>\r\n                            <span class=\"team-title\">Junior Consultant<\/span>\r\n                        <\/span>\r\n                    <\/a>\r\n        \r\n                    <a href=\"https:\/\/dev.jbraucker.com\/trustventure\/de\/members\/nathalya-barbosa\/\" class=\"team-card\">\r\n                        <span class=\"card-img\"><img decoding=\"async\" src=\"https:\/\/dev.jbraucker.com\/trustventure\/wp-content\/uploads\/2023\/04\/Nathalya-520x600.jpg\" alt=\"Nathalya Barbosa\" title=\"Nathalya Barbosa\"><\/span>\r\n                        <span class=\"card-txt\" style=\"max-width: 25rem; text-align: center; display: block;\">\r\n                            <h4 style=\"margin-top: 1rem; margin-bottom: 0\">Nathalya Barbosa<\/h4>\r\n                            <span class=\"team-title\">Graphic Designer<\/span>\r\n                        <\/span>\r\n                    <\/a>\r\n        \r\n                    <a href=\"https:\/\/dev.jbraucker.com\/trustventure\/en\/members\/nathalya-barbosa-2\/\" class=\"team-card\">\r\n                        <span class=\"card-img\"><img decoding=\"async\" src=\"https:\/\/dev.jbraucker.com\/trustventure\/wp-content\/uploads\/2023\/04\/Nathalya-520x600.jpg\" alt=\"Nathalya Barbosa\" title=\"Nathalya Barbosa\"><\/span>\r\n                        <span class=\"card-txt\" style=\"max-width: 25rem; text-align: center; display: block;\">\r\n                            <h4 style=\"margin-top: 1rem; margin-bottom: 0\">Nathalya Barbosa<\/h4>\r\n                            <span class=\"team-title\">Graphic Designer<\/span>\r\n                        <\/span>\r\n                    <\/a>\r\n        <\/section>[\/vc_column][\/vc_row][vc_row full_width=&#8221;stretch_row&#8221; equal_height=&#8221;yes&#8221; css=&#8221;.vc_custom_1694588525280{padding-top: 2rem !important;padding-bottom: 4rem !important;background-color: #263148 !important;}&#8221;][vc_column width=&#8221;1\/2&#8243; el_class=&#8221;vertikal-zentriert&#8221; css=&#8221;.vc_custom_1682077808528{margin-bottom: 3rem !important;}&#8221;][vc_column_text el_class=&#8221;max-width-600&#8243;]<\/p>\n<h2><span style=\"color: #ffffff;\">Join us in supporting the industry leaders of tomorrow<\/span><\/h2>\n<p><span style=\"color: #ffffff;\">We are always on the lookout for top-tier talent to join us and further drive the growth of our clients and Trustventure.<\/span><\/p>\n<p><span style=\"color: #ffffff;\">We preach flat hierarchies, an ongoing, steep learning curve as well as taking on responsibility starting in the early days.<\/span>[\/vc_column_text]<a href=\"https:\/\/dev.jbraucker.com\/trustventure\/en\/about-us\/career\/\" title=\"Career\" class=\"btn l accent \">Career<\/a>[\/vc_column][vc_column width=&#8221;1\/2&#8243;][vc_single_image image=&#8221;236&#8243; img_size=&#8221;full&#8221; style=&#8221;vc_box_rounded&#8221; css=&#8221;.vc_custom_1681321836301{border-radius: 15px !important;}&#8221;][\/vc_column][\/vc_row][vc_row css=&#8221;.vc_custom_1680505891614{margin-bottom: 8rem !important;}&#8221;][vc_column][vc_column_text]<\/p>\n<h2 style=\"text-align: center;\">Hear from our clients<\/h2>\n<p>[\/vc_column_text][\/vc_column][\/vc_row][vc_row][vc_column]<div class=\"threeQuotes\">\r\n        <div class=\"quoteContainer\">\r\n            <div class=\"quote_content fCnt fAlgnCntr\">\r\n                <div class=\"quote_content_inner\">\r\n                    <span class=\"quote-icon\">\u201c<\/span>\r\n                    <p>Die Zusammenarbeit mit Trustventure gibt mir ein gutes Gef\u00fchl, weil ich wei\u00df, dass alle Finanzangelegenheiten auf die professionellste Art und Weise erledigt werden, ohne dass unser Gr\u00fcndungsteam den Fokus auf das organisatorische Wachstum verlieren muss.<\/p>\r\n                    <div class=\"source-wrapper\">    \r\n                    <img decoding=\"async\" src=\"https:\/\/dev.jbraucker.com\/trustventure\/wp-content\/uploads\/2023\/04\/FarhoudCheraghi.jpg\" alt=\"\"> \r\n                    <div class=\"source-title\">\r\n                    <span class=\"source\">Farhoud Cheraghi<\/span>\r\n                    <span class=\"source-title\">Co-Founder how.fm<\/span>\r\n                    <\/div>    \r\n                    <\/div>\r\n                <\/div>\r\n            <\/div>\r\n        <\/div>\r\n        <div class=\"quoteContainer\">\r\n            <div class=\"quote_content fCnt fAlgnCntr\">\r\n                <div class=\"quote_content_inner\">\r\n                    <span class=\"quote-icon\">\u201c<\/span>\r\n                    <p>Mit Trustventure haben wir einen professionellen Partner an unserer Seite, mit dem wir unsere Finanzprozesse gerade in der Wachstumsphase strategisch und strukturiert aufstellen k\u00f6nnen.<\/p>\r\n                    <div class=\"source-wrapper\">    \r\n                    <img decoding=\"async\" src=\"https:\/\/dev.jbraucker.com\/trustventure\/wp-content\/uploads\/2023\/04\/KjellOleBeckmann.jpg\" alt=\"\"> \r\n                    <div class=\"source-title\">\r\n                    <span class=\"source\">Kjell Ole Beckmann<\/span>\r\n                    <span class=\"source-title\">Managing Director REOS<\/span>\r\n                    <\/div>    \r\n                    <\/div>\r\n                <\/div>\r\n            <\/div>\r\n        <\/div>\r\n        <div class=\"quoteContainer\">\r\n            <div class=\"quote_content fCnt fAlgnCntr\">\r\n                <div class=\"quote_content_inner\">\r\n                    <span class=\"quote-icon\">\u201c<\/span>\r\n                    <p>Die Tools, die Trustventure f\u00fcr tenac.io entwickelt hat, sind super strukturiert und erm\u00f6glichen uns eine solide Planung f\u00fcr die Zukunft. Das Team entwickelt schnell und zuverl\u00e4ssig L\u00f6sungen, die den Anforderungen entsprechen und setzt alle unsere Ideen um.<\/p>\r\n                    <div class=\"source-wrapper\">    \r\n                    <img decoding=\"async\" src=\"https:\/\/dev.jbraucker.com\/trustventure\/wp-content\/uploads\/2023\/04\/Dr.GeorgvanHusen.jpg\" alt=\"\"> \r\n                    <div class=\"source-title\">\r\n                    <span class=\"source\">Dr. Georg van Husen<\/span>\r\n                    <span class=\"source-title\">Co-Founder tenac.io<\/span>\r\n                    <\/div>    \r\n                    <\/div>\r\n                <\/div>\r\n            <\/div>\r\n        <\/div>\r\n        <\/div>\r\n        [\/vc_column][\/vc_row]<\/p>\n","protected":false},"excerpt":{"rendered":"[vc_row css=&#8221;.vc_custom_1681321664795{margin-bottom: 10rem !important;padding-top: 5rem !important;}&#8221;][vc_column width=&#8221;1\/6&#8243;][\/vc_column][vc_column width=&#8221;2\/3&#8243;][vc_column_text] Extensive financial expertise, and an unwavering passion for technology Our team, specialized in finance and venture capital, drives innovation through long-term collaboration, and supports entrepreneurs in growing their companies. [\/vc_column_text][\/vc_column][vc_column width=&#8221;1\/6&#8243;][\/vc_column][\/vc_row][vc_row el_class=&#8221;circle-brown-bottom-left&#8221;][vc_column][\/vc_column][\/vc_row][vc_row full_width=&#8221;stretch_row&#8221; equal_height=&#8221;yes&#8221; css=&#8221;.vc_custom_1694588525280{padding-top: 2rem !important;padding-bottom: 4rem !important;background-color: #263148 !important;}&#8221;][vc_column width=&#8221;1\/2&#8243; el_class=&#8221;vertikal-zentriert&#8221; css=&#8221;.vc_custom_1682077808528{margin-bottom: 3rem !important;}&#8221;][vc_column_text el_class=&#8221;max-width-600&#8243;]&#8230;","protected":false},"author":1,"featured_media":0,"parent":411,"menu_order":0,"comment_status":"closed","ping_status":"closed","template":"","meta":{"inline_featured_image":false,"footnotes":""},"tags":[],"folder":[56],"class_list":["post-433","page","type-page","status-publish","hentry"],"acf":[],"_links":{"self":[{"href":"https:\/\/dev.jbraucker.com\/trustventure\/wp-json\/wp\/v2\/pages\/433","targetHints":{"allow":["GET"]}}],"collection":[{"href":"https:\/\/dev.jbraucker.com\/trustventure\/wp-json\/wp\/v2\/pages"}],"about":[{"href":"https:\/\/dev.jbraucker.com\/trustventure\/wp-json\/wp\/v2\/types\/page"}],"author":[{"embeddable":true,"href":"https:\/\/dev.jbraucker.com\/trustventure\/wp-json\/wp\/v2\/users\/1"}],"replies":[{"embeddable":true,"href":"https:\/\/dev.jbraucker.com\/trustventure\/wp-json\/wp\/v2\/comments?post=433"}],"version-history":[{"count":10,"href":"https:\/\/dev.jbraucker.com\/trustventure\/wp-json\/wp\/v2\/pages\/433\/revisions"}],"predecessor-version":[{"id":3077,"href":"https:\/\/dev.jbraucker.com\/trustventure\/wp-json\/wp\/v2\/pages\/433\/revisions\/3077"}],"up":[{"embeddable":true,"href":"https:\/\/dev.jbraucker.com\/trustventure\/wp-json\/wp\/v2\/pages\/411"}],"wp:attachment":[{"href":"https:\/\/dev.jbraucker.com\/trustventure\/wp-json\/wp\/v2\/media?parent=433"}],"wp:term":[{"taxonomy":"post_tag","embeddable":true,"href":"https:\/\/dev.jbraucker.com\/trustventure\/wp-json\/wp\/v2\/tags?post=433"},{"taxonomy":"folder","embeddable":true,"href":"https:\/\/dev.jbraucker.com\/trustventure\/wp-json\/wp\/v2\/folder?post=433"}],"curies":[{"name":"wp","href":"https:\/\/api.w.org\/{rel}","templated":true}]}}